{"id":1868,"date":"2024-09-30T14:51:38","date_gmt":"2024-09-30T14:51:38","guid":{"rendered":"https:\/?page_id=1868"},"modified":"2024-10-02T15:21:53","modified_gmt":"2024-10-02T15:21:53","slug":"privacy-policy","status":"publish","type":"page","link":"https:\/\/www.umpalai.it\/de\/privacy-policy\/","title":{"rendered":"Datenschutzerkl\u00e4rung"},"content":{"rendered":"\n<div class=\"wp-block-columns is-layout-flex wp-container-core-columns-is-layout-9d6595d7 wp-block-columns-is-layout-flex\">\n<div class=\"wp-block-column is-layout-flow wp-block-column-is-layout-flow\">\n<div class=\"privacy-container\">\n    <h1>Datenschutzerkl\u00e4rung<\/h1>\n    <p><span>Letzte Aktualisierung: 2. Oktober 2024<\/span><br><span>Inkrafttreten: 16. September 2024<\/span><\/p>\n    <p>Diese Datenschutzerkl\u00e4rung beschreibt die Richtlinien der Gemeinde Pal\u00f9 del Fersina, Via Lenzi, 42, Pal\u00f9 del Fersina (TN) 38050, Italien, E-Mail: segreteria@comune.paludelfersina.tn.it, Telefon: 0461550001 zur Erhebung, Verwendung und Offenlegung der Informationen, die wir sammeln, wenn Sie unsere Website (umpalai.it) nutzen. (der &#8222;Dienst&#8220;). Durch den Zugriff auf oder die Nutzung des Dienstes stimmen Sie der Erhebung, Verwendung und Offenlegung Ihrer Informationen gem\u00e4\u00df dieser Datenschutzerkl\u00e4rung zu. Wenn Sie damit nicht einverstanden sind, bitten wir Sie, nicht auf den Dienst zuzugreifen oder ihn zu nutzen.<\/p>\n    <p>Wir k\u00f6nnen diese Datenschutzerkl\u00e4rung jederzeit ohne Vorank\u00fcndigung \u00e4ndern und die \u00fcberarbeitete Datenschutzerkl\u00e4rung im Dienst ver\u00f6ffentlichen. Die \u00fcberarbeitete Richtlinie tritt 180 Tage nach ihrer Ver\u00f6ffentlichung im Dienst in Kraft, und Ihr fortgesetzter Zugriff auf oder Ihre Nutzung des Dienstes nach diesem Datum stellt die Annahme der \u00fcberarbeiteten Datenschutzerkl\u00e4rung dar. Daher empfehlen wir Ihnen, diese Seite regelm\u00e4\u00dfig zu \u00fcberpr\u00fcfen.<\/p>\n    <h2>Wie wir Ihre Informationen verwenden:<\/h2>\n    <p>Wir verwenden die Informationen, die wir \u00fcber Sie sammeln, zu folgenden Zwecken:<\/p>\n    <ol>\n        <li>Verwaltungsinformationen<\/li>\n    <\/ol>\n    <p>Wenn wir Ihre Informationen f\u00fcr einen anderen Zweck verwenden m\u00f6chten, werden wir um Ihre Zustimmung bitten und Ihre Informationen nur mit Ihrer Zustimmung und nur f\u00fcr den Zweck\/die Zwecke verwenden, f\u00fcr die Sie Ihre Zustimmung gegeben haben, es sei denn, wir sind gesetzlich verpflichtet, anderweitig zu handeln.<\/p>\n    <h2>Wie wir Ihre Informationen teilen:<\/h2>\n    <p>Wir werden Ihre personenbezogenen Daten nicht ohne Ihre Zustimmung an Dritte weitergeben, es sei denn, in begrenzten Umst\u00e4nden, wie unten beschrieben:<\/p>\n    <ol>\n        <li>Analyse<\/li>\n        <li>Datenverarbeitung und -sammlung<\/li>\n    <\/ol>\n    <p>Wir verlangen von solchen Dritten, die personenbezogenen Daten, die wir ihnen \u00fcbermitteln, nur f\u00fcr den Zweck zu verwenden, f\u00fcr den sie \u00fcbermittelt wurden, und sie nicht l\u00e4nger zu speichern, als es zur Erf\u00fcllung dieses Zwecks erforderlich ist.<\/p>\n    <p>Wir k\u00f6nnen Ihre personenbezogenen Daten auch aus folgenden Gr\u00fcnden offenlegen: (1) um geltenden Gesetzen, Vorschriften, Gerichtsbeschl\u00fcssen oder anderen anwendbaren rechtlichen Verfahren zu entsprechen; (2) um Ihre Vereinbarungen mit uns, einschlie\u00dflich dieser Datenschutzerkl\u00e4rung, durchzusetzen; oder (3) um auf Beschwerden zu reagieren, dass Ihre Nutzung des Dienstes die Rechte Dritter verletzt. Wenn der Dienst oder unser Unternehmen mit einem anderen Unternehmen fusioniert oder von einem anderen Unternehmen \u00fcbernommen wird, werden Ihre Informationen eines der Verm\u00f6genswerte sein, die an den neuen Eigent\u00fcmer \u00fcbertragen werden.<\/p>\n    <h2>Ihre Rechte:<\/h2>\n    <p>Je nach geltendem Recht haben Sie m\u00f6glicherweise das Recht, auf Ihre personenbezogenen Daten zuzugreifen, diese zu berichtigen oder zu l\u00f6schen oder eine Kopie Ihrer personenbezogenen Daten zu erhalten, die Verarbeitung Ihrer Daten einzuschr\u00e4nken oder zu widersprechen, die \u00dcbertragung Ihrer personenbezogenen Daten an einen anderen Anbieter zu beantragen, jede Zustimmung, die Sie uns zur Verarbeitung Ihrer Daten gegeben haben, zu widerrufen, das Recht, eine Beschwerde bei einer zust\u00e4ndigen Beh\u00f6rde einzureichen, sowie andere Rechte, die je nach geltendem Recht relevant sein k\u00f6nnen. Um diese Rechte auszu\u00fcben, k\u00f6nnen Sie uns unter segreteria@comune.paludelfersina.tn.it kontaktieren. Wir werden auf Ihre Anfrage gem\u00e4\u00df den geltenden Gesetzen reagieren.<\/p>\n    <p>Bitte beachten Sie, dass, wenn Sie uns nicht gestatten, die erforderlichen personenbezogenen Daten zu erheben oder zu verarbeiten, oder wenn Sie die Zustimmung zur Verarbeitung zu den angeforderten Zwecken widerrufen, Sie m\u00f6glicherweise nicht in der Lage sind, auf die Dienste zuzugreifen oder diese zu nutzen, f\u00fcr die Ihre Informationen angefordert wurden.<\/p>\n    <h2>Cookies und andere:<\/h2>\n    <p>Um mehr dar\u00fcber zu erfahren, wie wir diese Technologien nutzen und welche Optionen Sie in Bezug auf diese Tracking-Technologien haben, verweisen wir auf unsere <a href=\"https:\/de\/cookie-policy\/\">Cookie-Richtlinie.<\/a><\/p>\n    <h2>Sicherheit:<\/h2>\n    <p>Die Sicherheit Ihrer Informationen ist uns wichtig, und wir werden angemessene Sicherheitsma\u00dfnahmen ergreifen, um den Verlust, Missbrauch oder die unbefugte \u00c4nderung Ihrer Informationen, die sich in unserem Besitz befinden, zu verhindern. Angesichts der inh\u00e4renten Risiken k\u00f6nnen wir jedoch keine absolute Sicherheit garantieren und k\u00f6nnen daher die Sicherheit der Informationen, die Sie uns \u00fcbermitteln, nicht garantieren oder zusichern; dies erfolgt auf Ihr eigenes Risiko.<\/p>\n    <h2>Links zu Dritten und Verwendung Ihrer Informationen:<\/h2>\n    <p>Unser Dienst kann Links zu Websites enthalten, die nicht von uns betrieben werden. Diese Datenschutzerkl\u00e4rung befasst sich nicht mit den Datenschutzrichtlinien und anderen Praktiken von Dritten, einschlie\u00dflich Dritten, die eine Website oder einen Dienst betreiben, die \u00fcber einen Link im Dienst erreichbar sind. Wir empfehlen Ihnen dringend, die Datenschutzrichtlinien jeder von Ihnen besuchten Website zu \u00fcberpr\u00fcfen. Wir haben keine Kontrolle \u00fcber und \u00fcbernehmen keine Verantwortung f\u00fcr den Inhalt, die Datenschutzrichtlinien oder die Praktiken von Websites oder Diensten Dritter.<\/p>\n    <h2>Beschwerdemanager \/ Datenschutzbeauftragter:<\/h2>\n    <p>Wenn Sie Fragen oder Bedenken bez\u00fcglich der Verarbeitung Ihrer Informationen in unserem Besitz haben, k\u00f6nnen Sie eine E-Mail an unseren Beschwerdemanager bei der Gemeinde Pal\u00f9 del Fersina, Via Lenzi, 42, Pal\u00f9 del Fersina (TN), E-Mail: segreteria@comune.paludelfersina.tn.it senden. Wir werden Ihre Bedenken gem\u00e4\u00df den geltenden Gesetzen behandeln.<\/p>\n    <p>Wenn Sie einen anderen Webbrowser verwenden, besuchen Sie die offiziellen Support-Dokumente Ihres Browsers.<\/p>\n<\/div>\n\n<\/div>\n<\/div>\n","protected":false},"excerpt":{"rendered":"<p>Datenschutzerkl\u00e4rung Letzte Aktualisierung: 2. Oktober 2024Inkrafttreten: 16. September 2024 Diese Datenschutzerkl\u00e4rung beschreibt die Richtlinien der Gemeinde Pal\u00f9 del Fersina, Via Lenzi, 42, Pal\u00f9 del Fersina (TN) 38050, Italien, E-Mail: segreteria@comune.paludelfersina.tn.it, Telefon: 0461550001 zur Erhebung, Verwendung und Offenlegung der Informationen, die wir sammeln, wenn Sie unsere Website (umpalai.it) nutzen. (der &#8222;Dienst&#8220;). Durch den Zugriff auf oder [&hellip;]<\/p>\n","protected":false},"author":1,"featured_media":0,"parent":0,"menu_order":3,"comment_status":"closed","ping_status":"closed","template":"","meta":{"_acf_changed":false,"footnotes":""},"class_list":["post-1868","page","type-page","status-publish","hentry"],"acf":[],"yoast_head":"<!-- This site is optimized with the Yoast SEO plugin v27.5 - https:\/\/yoast.com\/product\/yoast-seo-wordpress\/ -->\n<title>Datenschutzerkl\u00e4rung - Um Palai<\/title>\n<meta name=\"robots\" content=\"index, follow, max-snippet:-1, max-image-preview:large, max-video-preview:-1\" \/>\n<link rel=\"canonical\" href=\"https:\/\/www.umpalai.it\/de\/privacy-policy\/\" \/>\n<meta property=\"og:locale\" content=\"de_DE\" \/>\n<meta property=\"og:type\" content=\"article\" \/>\n<meta property=\"og:title\" content=\"Datenschutzerkl\u00e4rung - Um Palai\" \/>\n<meta property=\"og:description\" content=\"Datenschutzerkl\u00e4rung Letzte Aktualisierung: 2. Oktober 2024Inkrafttreten: 16. September 2024 Diese Datenschutzerkl\u00e4rung beschreibt die Richtlinien der Gemeinde Pal\u00f9 del Fersina, Via Lenzi, 42, Pal\u00f9 del Fersina (TN) 38050, Italien, E-Mail: segreteria@comune.paludelfersina.tn.it, Telefon: 0461550001 zur Erhebung, Verwendung und Offenlegung der Informationen, die wir sammeln, wenn Sie unsere Website (umpalai.it) nutzen. (der &#8222;Dienst&#8220;). Durch den Zugriff auf oder [&hellip;]\" \/>\n<meta property=\"og:url\" content=\"https:\/\/www.umpalai.it\/de\/privacy-policy\/\" \/>\n<meta property=\"og:site_name\" content=\"Um Palai\" \/>\n<meta property=\"article:publisher\" content=\"https:\/\/www.facebook.com\/PaludelFersina\/\" \/>\n<meta property=\"article:modified_time\" content=\"2024-10-02T15:21:53+00:00\" \/>\n<meta property=\"og:image\" content=\"https:\/\/www.umpalai.it\/wp-content\/uploads\/2024\/04\/PALu-DEL-FERSINA-\u00a9-foto-Daniele-Mosna-DSC_1542.webp\" \/>\n\t<meta property=\"og:image:width\" content=\"2560\" \/>\n\t<meta property=\"og:image:height\" content=\"1707\" \/>\n\t<meta property=\"og:image:type\" content=\"image\/webp\" \/>\n<meta name=\"twitter:card\" content=\"summary_large_image\" \/>\n<meta name=\"twitter:label1\" content=\"Gesch\u00e4tzte Lesezeit\" \/>\n\t<meta name=\"twitter:data1\" content=\"5\u00a0Minuten\" \/>\n<script type=\"application\/ld+json\" class=\"yoast-schema-graph\">{\"@context\":\"https:\\\/\\\/schema.org\",\"@graph\":[{\"@type\":\"WebPage\",\"@id\":\"https:\\\/\\\/www.umpalai.it\\\/de\\\/privacy-policy\\\/\",\"url\":\"https:\\\/\\\/www.umpalai.it\\\/de\\\/privacy-policy\\\/\",\"name\":\"Datenschutzerkl\u00e4rung - Um Palai\",\"isPartOf\":{\"@id\":\"https:\\\/\\\/www.umpalai.it\\\/de\\\/#website\"},\"datePublished\":\"2024-09-30T14:51:38+00:00\",\"dateModified\":\"2024-10-02T15:21:53+00:00\",\"breadcrumb\":{\"@id\":\"https:\\\/\\\/www.umpalai.it\\\/de\\\/privacy-policy\\\/#breadcrumb\"},\"inLanguage\":\"de\",\"potentialAction\":[{\"@type\":\"ReadAction\",\"target\":[\"https:\\\/\\\/www.umpalai.it\\\/de\\\/privacy-policy\\\/\"]}]},{\"@type\":\"BreadcrumbList\",\"@id\":\"https:\\\/\\\/www.umpalai.it\\\/de\\\/privacy-policy\\\/#breadcrumb\",\"itemListElement\":[{\"@type\":\"ListItem\",\"position\":1,\"name\":\"Home\",\"item\":\"https:\\\/\\\/www.umpalai.it\\\/de\\\/\"},{\"@type\":\"ListItem\",\"position\":2,\"name\":\"Datenschutzerkl\u00e4rung\"}]},{\"@type\":\"WebSite\",\"@id\":\"https:\\\/\\\/www.umpalai.it\\\/de\\\/#website\",\"url\":\"https:\\\/\\\/www.umpalai.it\\\/de\\\/\",\"name\":\"Pal\u00f9 del Fersina\",\"description\":\"Im Herzen des Fersental\",\"publisher\":{\"@id\":\"https:\\\/\\\/www.umpalai.it\\\/de\\\/#organization\"},\"potentialAction\":[{\"@type\":\"SearchAction\",\"target\":{\"@type\":\"EntryPoint\",\"urlTemplate\":\"https:\\\/\\\/www.umpalai.it\\\/de\\\/?s={search_term_string}\"},\"query-input\":{\"@type\":\"PropertyValueSpecification\",\"valueRequired\":true,\"valueName\":\"search_term_string\"}}],\"inLanguage\":\"de\"},{\"@type\":\"Organization\",\"@id\":\"https:\\\/\\\/www.umpalai.it\\\/de\\\/#organization\",\"name\":\"Pal\u00f9 del Fersina\",\"url\":\"https:\\\/\\\/www.umpalai.it\\\/de\\\/\",\"logo\":{\"@type\":\"ImageObject\",\"inLanguage\":\"de\",\"@id\":\"https:\\\/\\\/www.umpalai.it\\\/de\\\/#\\\/schema\\\/logo\\\/image\\\/\",\"url\":\"https:\\\/\\\/www.umpalai.it\\\/wp-content\\\/uploads\\\/2024\\\/04\\\/um-palai.png\",\"contentUrl\":\"https:\\\/\\\/www.umpalai.it\\\/wp-content\\\/uploads\\\/2024\\\/04\\\/um-palai.png\",\"width\":1211,\"height\":823,\"caption\":\"Pal\u00f9 del Fersina\"},\"image\":{\"@id\":\"https:\\\/\\\/www.umpalai.it\\\/de\\\/#\\\/schema\\\/logo\\\/image\\\/\"},\"sameAs\":[\"https:\\\/\\\/www.facebook.com\\\/PaludelFersina\\\/\"]}]}<\/script>\n<!-- \/ Yoast SEO plugin. -->","yoast_head_json":{"title":"Datenschutzerkl\u00e4rung - Um Palai","robots":{"index":"index","follow":"follow","max-snippet":"max-snippet:-1","max-image-preview":"max-image-preview:large","max-video-preview":"max-video-preview:-1"},"canonical":"https:\/\/www.umpalai.it\/de\/privacy-policy\/","og_locale":"de_DE","og_type":"article","og_title":"Datenschutzerkl\u00e4rung - Um Palai","og_description":"Datenschutzerkl\u00e4rung Letzte Aktualisierung: 2. Oktober 2024Inkrafttreten: 16. September 2024 Diese Datenschutzerkl\u00e4rung beschreibt die Richtlinien der Gemeinde Pal\u00f9 del Fersina, Via Lenzi, 42, Pal\u00f9 del Fersina (TN) 38050, Italien, E-Mail: segreteria@comune.paludelfersina.tn.it, Telefon: 0461550001 zur Erhebung, Verwendung und Offenlegung der Informationen, die wir sammeln, wenn Sie unsere Website (umpalai.it) nutzen. (der &#8222;Dienst&#8220;). Durch den Zugriff auf oder [&hellip;]","og_url":"https:\/\/www.umpalai.it\/de\/privacy-policy\/","og_site_name":"Um Palai","article_publisher":"https:\/\/www.facebook.com\/PaludelFersina\/","article_modified_time":"2024-10-02T15:21:53+00:00","og_image":[{"width":2560,"height":1707,"url":"https:\/\/www.umpalai.it\/wp-content\/uploads\/2024\/04\/PALu-DEL-FERSINA-\u00a9-foto-Daniele-Mosna-DSC_1542.webp","type":"image\/webp"}],"twitter_card":"summary_large_image","twitter_misc":{"Gesch\u00e4tzte Lesezeit":"5\u00a0Minuten"},"schema":{"@context":"https:\/\/schema.org","@graph":[{"@type":"WebPage","@id":"https:\/\/www.umpalai.it\/de\/privacy-policy\/","url":"https:\/\/www.umpalai.it\/de\/privacy-policy\/","name":"Datenschutzerkl\u00e4rung - Um Palai","isPartOf":{"@id":"https:\/\/www.umpalai.it\/de\/#website"},"datePublished":"2024-09-30T14:51:38+00:00","dateModified":"2024-10-02T15:21:53+00:00","breadcrumb":{"@id":"https:\/\/www.umpalai.it\/de\/privacy-policy\/#breadcrumb"},"inLanguage":"de","potentialAction":[{"@type":"ReadAction","target":["https:\/\/www.umpalai.it\/de\/privacy-policy\/"]}]},{"@type":"BreadcrumbList","@id":"https:\/\/www.umpalai.it\/de\/privacy-policy\/#breadcrumb","itemListElement":[{"@type":"ListItem","position":1,"name":"Home","item":"https:\/\/www.umpalai.it\/de\/"},{"@type":"ListItem","position":2,"name":"Datenschutzerkl\u00e4rung"}]},{"@type":"WebSite","@id":"https:\/\/www.umpalai.it\/de\/#website","url":"https:\/\/www.umpalai.it\/de\/","name":"Pal\u00f9 del Fersina","description":"Im Herzen des Fersental","publisher":{"@id":"https:\/\/www.umpalai.it\/de\/#organization"},"potentialAction":[{"@type":"SearchAction","target":{"@type":"EntryPoint","urlTemplate":"https:\/\/www.umpalai.it\/de\/?s={search_term_string}"},"query-input":{"@type":"PropertyValueSpecification","valueRequired":true,"valueName":"search_term_string"}}],"inLanguage":"de"},{"@type":"Organization","@id":"https:\/\/www.umpalai.it\/de\/#organization","name":"Pal\u00f9 del Fersina","url":"https:\/\/www.umpalai.it\/de\/","logo":{"@type":"ImageObject","inLanguage":"de","@id":"https:\/\/www.umpalai.it\/de\/#\/schema\/logo\/image\/","url":"https:\/\/www.umpalai.it\/wp-content\/uploads\/2024\/04\/um-palai.png","contentUrl":"https:\/\/www.umpalai.it\/wp-content\/uploads\/2024\/04\/um-palai.png","width":1211,"height":823,"caption":"Pal\u00f9 del Fersina"},"image":{"@id":"https:\/\/www.umpalai.it\/de\/#\/schema\/logo\/image\/"},"sameAs":["https:\/\/www.facebook.com\/PaludelFersina\/"]}]}},"_links":{"self":[{"href":"https:\/\/www.umpalai.it\/de\/wp-json\/wp\/v2\/pages\/1868","targetHints":{"allow":["GET"]}}],"collection":[{"href":"https:\/\/www.umpalai.it\/de\/wp-json\/wp\/v2\/pages"}],"about":[{"href":"https:\/\/www.umpalai.it\/de\/wp-json\/wp\/v2\/types\/page"}],"author":[{"embeddable":true,"href":"https:\/\/www.umpalai.it\/de\/wp-json\/wp\/v2\/users\/1"}],"replies":[{"embeddable":true,"href":"https:\/\/www.umpalai.it\/de\/wp-json\/wp\/v2\/comments?post=1868"}],"version-history":[{"count":5,"href":"https:\/\/www.umpalai.it\/de\/wp-json\/wp\/v2\/pages\/1868\/revisions"}],"predecessor-version":[{"id":1976,"href":"https:\/\/www.umpalai.it\/de\/wp-json\/wp\/v2\/pages\/1868\/revisions\/1976"}],"wp:attachment":[{"href":"https:\/\/www.umpalai.it\/de\/wp-json\/wp\/v2\/media?parent=1868"}],"curies":[{"name":"wp","href":"https:\/\/api.w.org\/{rel}","templated":true}]}}