{"id":841,"date":"2024-03-19T18:38:22","date_gmt":"2024-03-19T18:38:22","guid":{"rendered":"https:\/cultura-mochena\/"},"modified":"2024-06-04T17:19:19","modified_gmt":"2024-06-04T17:19:19","slug":"bersntoler-kultur","status":"publish","type":"page","link":"https:\/\/www.umpalai.it\/de\/bersntoler-kultur\/","title":{"rendered":"Bersntoler Kultur"},"content":{"rendered":"\n<div class=\"wp-block-columns is-layout-flex wp-container-core-columns-is-layout-9d6595d7 wp-block-columns-is-layout-flex\">\n<div class=\"wp-block-column is-layout-flow wp-block-column-is-layout-flow\">\n<p>Entdecken Sie Pal\u00f9 del Fersina, einen Ort von seltener Sch\u00f6nheit, umgeben von atemberaubenden Landschaften und bereichert durch eine tausendj\u00e4hrige Geschichte. Lassen Sie sich von der Magie dieser Gegend mitrei\u00dfen, in der wilde Natur harmonisch mit dem reichen lokalen Kulturerbe verschmilzt. Ein authentisches und unvergessliches Erlebnis erwartet Sie in dieser wundersch\u00f6nen Region der Dolomiten.<\/p>\n\n\n\n<p>Das Fersental stellt eine sprachliche und kulturelle Oase dar, in der der M\u00f2cheno Dialekt, ein wertvoller Zweig der bayerischen Familie, \u00fcber Generationen hinweg weitergegeben wird und jahrhundertelange Traditionen mit sich bringt. Jeder Tag ist ein Fest mit folkloristischen T\u00e4nzen und typischer Musik, das jeden auf eine bezaubernde Reise in das Herz dieser einzigartigen Gemeinschaft auf der Welt entf\u00fchrt.<\/p>\n<\/div>\n<\/div>\n","protected":false},"excerpt":{"rendered":"<p>Entdecken Sie Pal\u00f9 del Fersina, einen Ort von seltener Sch\u00f6nheit, umgeben von atemberaubenden Landschaften und bereichert durch eine tausendj\u00e4hrige Geschichte. Lassen Sie sich von der Magie dieser Gegend mitrei\u00dfen, in der wilde Natur harmonisch mit dem reichen lokalen Kulturerbe verschmilzt. Ein authentisches und unvergessliches Erlebnis erwartet Sie in dieser wundersch\u00f6nen Region der Dolomiten. Das Fersental [&hellip;]<\/p>\n","protected":false},"author":1,"featured_media":630,"parent":0,"menu_order":19,"comment_status":"closed","ping_status":"closed","template":"","meta":{"_acf_changed":false,"footnotes":""},"class_list":["post-841","page","type-page","status-publish","has-post-thumbnail","hentry"],"acf":[],"yoast_head":"<!-- This site is optimized with the Yoast SEO plugin v27.5 - https:\/\/yoast.com\/product\/yoast-seo-wordpress\/ -->\n<title>Bersntoler Kultur - Um Palai<\/title>\n<meta name=\"description\" content=\"Entdecken Sie Pal\u00f9 del Fersina, einen Ort von seltener Sch\u00f6nheit, umgeben von atemberaubenden Landschaften und bereichert durch eine tausendj\u00e4hrige Geschichte. Lassen Sie sich von der Magie dieser Gegend mitrei\u00dfen, in der wilde Natur harmonisch mit dem reichen lokalen Kulturerbe verschmilzt. Ein authentisches und unvergessliches Erlebnis erwartet Sie in dieser wundersch\u00f6nen Region der Dolomiten.\" \/>\n<meta name=\"robots\" content=\"index, follow, max-snippet:-1, max-image-preview:large, max-video-preview:-1\" \/>\n<link rel=\"canonical\" href=\"https:\/\/www.umpalai.it\/de\/bersntoler-kultur\/\" \/>\n<meta property=\"og:locale\" content=\"de_DE\" \/>\n<meta property=\"og:type\" content=\"article\" \/>\n<meta property=\"og:title\" content=\"Bersntoler Kultur - Um Palai\" \/>\n<meta property=\"og:description\" content=\"Entdecken Sie Pal\u00f9 del Fersina, einen Ort von seltener Sch\u00f6nheit, umgeben von atemberaubenden Landschaften und bereichert durch eine tausendj\u00e4hrige Geschichte. Lassen Sie sich von der Magie dieser Gegend mitrei\u00dfen, in der wilde Natur harmonisch mit dem reichen lokalen Kulturerbe verschmilzt. Ein authentisches und unvergessliches Erlebnis erwartet Sie in dieser wundersch\u00f6nen Region der Dolomiten.\" \/>\n<meta property=\"og:url\" content=\"https:\/\/www.umpalai.it\/de\/bersntoler-kultur\/\" \/>\n<meta property=\"og:site_name\" content=\"Um Palai\" \/>\n<meta property=\"article:publisher\" content=\"https:\/\/www.facebook.com\/PaludelFersina\/\" \/>\n<meta property=\"article:modified_time\" content=\"2024-06-04T17:19:19+00:00\" \/>\n<meta property=\"og:image\" content=\"https:\/\/www.umpalai.it\/wp-content\/uploads\/2024\/04\/DSC8378.jpg\" \/>\n\t<meta property=\"og:image:width\" content=\"1920\" \/>\n\t<meta property=\"og:image:height\" content=\"929\" \/>\n\t<meta property=\"og:image:type\" content=\"image\/jpeg\" \/>\n<meta name=\"twitter:card\" content=\"summary_large_image\" \/>\n<meta name=\"twitter:label1\" content=\"Gesch\u00e4tzte Lesezeit\" \/>\n\t<meta name=\"twitter:data1\" content=\"1\u00a0Minute\" \/>\n<script type=\"application\/ld+json\" class=\"yoast-schema-graph\">{\"@context\":\"https:\\\/\\\/schema.org\",\"@graph\":[{\"@type\":\"WebPage\",\"@id\":\"https:\\\/\\\/www.umpalai.it\\\/de\\\/bersntoler-kultur\\\/\",\"url\":\"https:\\\/\\\/www.umpalai.it\\\/de\\\/bersntoler-kultur\\\/\",\"name\":\"Bersntoler Kultur - Um Palai\",\"isPartOf\":{\"@id\":\"https:\\\/\\\/www.umpalai.it\\\/de\\\/#website\"},\"primaryImageOfPage\":{\"@id\":\"https:\\\/\\\/www.umpalai.it\\\/de\\\/bersntoler-kultur\\\/#primaryimage\"},\"image\":{\"@id\":\"https:\\\/\\\/www.umpalai.it\\\/de\\\/bersntoler-kultur\\\/#primaryimage\"},\"thumbnailUrl\":\"https:\\\/\\\/www.umpalai.it\\\/wp-content\\\/uploads\\\/2024\\\/04\\\/DSC8378.jpg\",\"datePublished\":\"2024-03-19T18:38:22+00:00\",\"dateModified\":\"2024-06-04T17:19:19+00:00\",\"description\":\"Entdecken Sie Pal\u00f9 del Fersina, einen Ort von seltener Sch\u00f6nheit, umgeben von atemberaubenden Landschaften und bereichert durch eine tausendj\u00e4hrige Geschichte. Lassen Sie sich von der Magie dieser Gegend mitrei\u00dfen, in der wilde Natur harmonisch mit dem reichen lokalen Kulturerbe verschmilzt. Ein authentisches und unvergessliches Erlebnis erwartet Sie in dieser wundersch\u00f6nen Region der Dolomiten.\",\"breadcrumb\":{\"@id\":\"https:\\\/\\\/www.umpalai.it\\\/de\\\/bersntoler-kultur\\\/#breadcrumb\"},\"inLanguage\":\"de\",\"potentialAction\":[{\"@type\":\"ReadAction\",\"target\":[\"https:\\\/\\\/www.umpalai.it\\\/de\\\/bersntoler-kultur\\\/\"]}]},{\"@type\":\"ImageObject\",\"inLanguage\":\"de\",\"@id\":\"https:\\\/\\\/www.umpalai.it\\\/de\\\/bersntoler-kultur\\\/#primaryimage\",\"url\":\"https:\\\/\\\/www.umpalai.it\\\/wp-content\\\/uploads\\\/2024\\\/04\\\/DSC8378.jpg\",\"contentUrl\":\"https:\\\/\\\/www.umpalai.it\\\/wp-content\\\/uploads\\\/2024\\\/04\\\/DSC8378.jpg\",\"width\":1920,\"height\":929,\"caption\":\"Stela\"},{\"@type\":\"BreadcrumbList\",\"@id\":\"https:\\\/\\\/www.umpalai.it\\\/de\\\/bersntoler-kultur\\\/#breadcrumb\",\"itemListElement\":[{\"@type\":\"ListItem\",\"position\":1,\"name\":\"Home\",\"item\":\"https:\\\/\\\/www.umpalai.it\\\/de\\\/\"},{\"@type\":\"ListItem\",\"position\":2,\"name\":\"Bersntoler Kultur\"}]},{\"@type\":\"WebSite\",\"@id\":\"https:\\\/\\\/www.umpalai.it\\\/de\\\/#website\",\"url\":\"https:\\\/\\\/www.umpalai.it\\\/de\\\/\",\"name\":\"Pal\u00f9 del Fersina\",\"description\":\"Im Herzen des Fersental\",\"publisher\":{\"@id\":\"https:\\\/\\\/www.umpalai.it\\\/de\\\/#organization\"},\"potentialAction\":[{\"@type\":\"SearchAction\",\"target\":{\"@type\":\"EntryPoint\",\"urlTemplate\":\"https:\\\/\\\/www.umpalai.it\\\/de\\\/?s={search_term_string}\"},\"query-input\":{\"@type\":\"PropertyValueSpecification\",\"valueRequired\":true,\"valueName\":\"search_term_string\"}}],\"inLanguage\":\"de\"},{\"@type\":\"Organization\",\"@id\":\"https:\\\/\\\/www.umpalai.it\\\/de\\\/#organization\",\"name\":\"Pal\u00f9 del Fersina\",\"url\":\"https:\\\/\\\/www.umpalai.it\\\/de\\\/\",\"logo\":{\"@type\":\"ImageObject\",\"inLanguage\":\"de\",\"@id\":\"https:\\\/\\\/www.umpalai.it\\\/de\\\/#\\\/schema\\\/logo\\\/image\\\/\",\"url\":\"https:\\\/\\\/www.umpalai.it\\\/wp-content\\\/uploads\\\/2024\\\/04\\\/um-palai.png\",\"contentUrl\":\"https:\\\/\\\/www.umpalai.it\\\/wp-content\\\/uploads\\\/2024\\\/04\\\/um-palai.png\",\"width\":1211,\"height\":823,\"caption\":\"Pal\u00f9 del Fersina\"},\"image\":{\"@id\":\"https:\\\/\\\/www.umpalai.it\\\/de\\\/#\\\/schema\\\/logo\\\/image\\\/\"},\"sameAs\":[\"https:\\\/\\\/www.facebook.com\\\/PaludelFersina\\\/\"]}]}<\/script>\n<!-- \/ Yoast SEO plugin. -->","yoast_head_json":{"title":"Bersntoler Kultur - Um Palai","description":"Entdecken Sie Pal\u00f9 del Fersina, einen Ort von seltener Sch\u00f6nheit, umgeben von atemberaubenden Landschaften und bereichert durch eine tausendj\u00e4hrige Geschichte. Lassen Sie sich von der Magie dieser Gegend mitrei\u00dfen, in der wilde Natur harmonisch mit dem reichen lokalen Kulturerbe verschmilzt. Ein authentisches und unvergessliches Erlebnis erwartet Sie in dieser wundersch\u00f6nen Region der Dolomiten.","robots":{"index":"index","follow":"follow","max-snippet":"max-snippet:-1","max-image-preview":"max-image-preview:large","max-video-preview":"max-video-preview:-1"},"canonical":"https:\/\/www.umpalai.it\/de\/bersntoler-kultur\/","og_locale":"de_DE","og_type":"article","og_title":"Bersntoler Kultur - Um Palai","og_description":"Entdecken Sie Pal\u00f9 del Fersina, einen Ort von seltener Sch\u00f6nheit, umgeben von atemberaubenden Landschaften und bereichert durch eine tausendj\u00e4hrige Geschichte. Lassen Sie sich von der Magie dieser Gegend mitrei\u00dfen, in der wilde Natur harmonisch mit dem reichen lokalen Kulturerbe verschmilzt. Ein authentisches und unvergessliches Erlebnis erwartet Sie in dieser wundersch\u00f6nen Region der Dolomiten.","og_url":"https:\/\/www.umpalai.it\/de\/bersntoler-kultur\/","og_site_name":"Um Palai","article_publisher":"https:\/\/www.facebook.com\/PaludelFersina\/","article_modified_time":"2024-06-04T17:19:19+00:00","og_image":[{"width":1920,"height":929,"url":"https:\/\/www.umpalai.it\/wp-content\/uploads\/2024\/04\/DSC8378.jpg","type":"image\/jpeg"}],"twitter_card":"summary_large_image","twitter_misc":{"Gesch\u00e4tzte Lesezeit":"1\u00a0Minute"},"schema":{"@context":"https:\/\/schema.org","@graph":[{"@type":"WebPage","@id":"https:\/\/www.umpalai.it\/de\/bersntoler-kultur\/","url":"https:\/\/www.umpalai.it\/de\/bersntoler-kultur\/","name":"Bersntoler Kultur - Um Palai","isPartOf":{"@id":"https:\/\/www.umpalai.it\/de\/#website"},"primaryImageOfPage":{"@id":"https:\/\/www.umpalai.it\/de\/bersntoler-kultur\/#primaryimage"},"image":{"@id":"https:\/\/www.umpalai.it\/de\/bersntoler-kultur\/#primaryimage"},"thumbnailUrl":"https:\/\/www.umpalai.it\/wp-content\/uploads\/2024\/04\/DSC8378.jpg","datePublished":"2024-03-19T18:38:22+00:00","dateModified":"2024-06-04T17:19:19+00:00","description":"Entdecken Sie Pal\u00f9 del Fersina, einen Ort von seltener Sch\u00f6nheit, umgeben von atemberaubenden Landschaften und bereichert durch eine tausendj\u00e4hrige Geschichte. Lassen Sie sich von der Magie dieser Gegend mitrei\u00dfen, in der wilde Natur harmonisch mit dem reichen lokalen Kulturerbe verschmilzt. Ein authentisches und unvergessliches Erlebnis erwartet Sie in dieser wundersch\u00f6nen Region der Dolomiten.","breadcrumb":{"@id":"https:\/\/www.umpalai.it\/de\/bersntoler-kultur\/#breadcrumb"},"inLanguage":"de","potentialAction":[{"@type":"ReadAction","target":["https:\/\/www.umpalai.it\/de\/bersntoler-kultur\/"]}]},{"@type":"ImageObject","inLanguage":"de","@id":"https:\/\/www.umpalai.it\/de\/bersntoler-kultur\/#primaryimage","url":"https:\/\/www.umpalai.it\/wp-content\/uploads\/2024\/04\/DSC8378.jpg","contentUrl":"https:\/\/www.umpalai.it\/wp-content\/uploads\/2024\/04\/DSC8378.jpg","width":1920,"height":929,"caption":"Stela"},{"@type":"BreadcrumbList","@id":"https:\/\/www.umpalai.it\/de\/bersntoler-kultur\/#breadcrumb","itemListElement":[{"@type":"ListItem","position":1,"name":"Home","item":"https:\/\/www.umpalai.it\/de\/"},{"@type":"ListItem","position":2,"name":"Bersntoler Kultur"}]},{"@type":"WebSite","@id":"https:\/\/www.umpalai.it\/de\/#website","url":"https:\/\/www.umpalai.it\/de\/","name":"Pal\u00f9 del Fersina","description":"Im Herzen des Fersental","publisher":{"@id":"https:\/\/www.umpalai.it\/de\/#organization"},"potentialAction":[{"@type":"SearchAction","target":{"@type":"EntryPoint","urlTemplate":"https:\/\/www.umpalai.it\/de\/?s={search_term_string}"},"query-input":{"@type":"PropertyValueSpecification","valueRequired":true,"valueName":"search_term_string"}}],"inLanguage":"de"},{"@type":"Organization","@id":"https:\/\/www.umpalai.it\/de\/#organization","name":"Pal\u00f9 del Fersina","url":"https:\/\/www.umpalai.it\/de\/","logo":{"@type":"ImageObject","inLanguage":"de","@id":"https:\/\/www.umpalai.it\/de\/#\/schema\/logo\/image\/","url":"https:\/\/www.umpalai.it\/wp-content\/uploads\/2024\/04\/um-palai.png","contentUrl":"https:\/\/www.umpalai.it\/wp-content\/uploads\/2024\/04\/um-palai.png","width":1211,"height":823,"caption":"Pal\u00f9 del Fersina"},"image":{"@id":"https:\/\/www.umpalai.it\/de\/#\/schema\/logo\/image\/"},"sameAs":["https:\/\/www.facebook.com\/PaludelFersina\/"]}]}},"_links":{"self":[{"href":"https:\/\/www.umpalai.it\/de\/wp-json\/wp\/v2\/pages\/841","targetHints":{"allow":["GET"]}}],"collection":[{"href":"https:\/\/www.umpalai.it\/de\/wp-json\/wp\/v2\/pages"}],"about":[{"href":"https:\/\/www.umpalai.it\/de\/wp-json\/wp\/v2\/types\/page"}],"author":[{"embeddable":true,"href":"https:\/\/www.umpalai.it\/de\/wp-json\/wp\/v2\/users\/1"}],"replies":[{"embeddable":true,"href":"https:\/\/www.umpalai.it\/de\/wp-json\/wp\/v2\/comments?post=841"}],"version-history":[{"count":3,"href":"https:\/\/www.umpalai.it\/de\/wp-json\/wp\/v2\/pages\/841\/revisions"}],"predecessor-version":[{"id":1263,"href":"https:\/\/www.umpalai.it\/de\/wp-json\/wp\/v2\/pages\/841\/revisions\/1263"}],"wp:featuredmedia":[{"embeddable":true,"href":"https:\/\/www.umpalai.it\/de\/wp-json\/wp\/v2\/media\/630"}],"wp:attachment":[{"href":"https:\/\/www.umpalai.it\/de\/wp-json\/wp\/v2\/media?parent=841"}],"curies":[{"name":"wp","href":"https:\/\/api.w.org\/{rel}","templated":true}]}}